{"id":390807,"date":"2024-02-20T08:30:30","date_gmt":"2024-02-20T07:30:30","guid":{"rendered":"https:\/\/geishas.theprocedural.com\/?page_id=390807"},"modified":"2024-08-21T19:12:14","modified_gmt":"2024-08-21T17:12:14","slug":"condiciones-de-uso","status":"publish","type":"page","link":"https:\/\/geishas.net\/is\/condiciones-de-uso\/","title":{"rendered":"Condiciones de uso"},"content":{"rendered":"<h1 class=\"wp-block-heading\">Condiciones de uso<\/h1>\n\n\n\n<p>A continuaci\u00f3n se enumeran unas condiciones que deben ser suscritas por una parte, geishas.net, y por otra, el usuario. Se debe entender como usuario a cualquier persona f\u00edsica o jur\u00eddica que accede a la p\u00e1gina, al margen de que finalmente haga uso de los servicios que se ofrecen en ella.<\/p>\n\n\n\n<h3 class=\"wp-block-heading\">1. OBJETIVO Y \u00c1MBITO DE APLICACI\u00d3N<\/h3>\n\n\n\n<p>El objetivo de las siguientes condiciones es el control para las adquisiciones de los productos por pare de los clientes compradores para las tramitaciones hechas a trav\u00e9s de la p\u00e1gina www.geishas.net<\/p>\n\n\n\n<h3 class=\"wp-block-heading\">2. EXENCI\u00d3N DE RESPONSABILIDADES<\/h3>\n\n\n\n<p>La p\u00e1gina web geishas.net estar\u00e1 exento de responsabilidad para los siguientes puntos:<\/p>\n\n\n\n<ul class=\"wp-block-list\">\n<li>Calidad, velocidad y continuidad en la disponibilidad de la p\u00e1gina web.<\/li>\n\n\n\n<li>Toda la informaci\u00f3n facilitada en la web por los usuarios y personas ajenas a la web. Tampoco de las opiniones aportadas por los usuarios dentro del portal.<\/li>\n\n\n\n<li>La total veracidad de la informaci\u00f3n publicada sobre los productos en la web.<\/li>\n<\/ul>\n\n\n\n<h3 class=\"wp-block-heading\">3. RESPONSABILIDADES POR PARTE DEL CLIENTE COMPRADOR<\/h3>\n\n\n\n<p>El cliente comprador asume conocer los datos y caracter\u00edsticas de los productos involucrados, y esta de acuerdo con las informaciones suministradas por&nbsp;el portal. Por lo tanto declara lo siguiente:<\/p>\n\n\n\n<ul class=\"wp-block-list\">\n<li>Se trata de una persona mayor de edad conforme a la legislaci\u00f3n vigente.<\/li>\n\n\n\n<li>Esta autorizado al uso de la cuenta, tarjeta o medio de pago suministrado para realizar la compra.<\/li>\n\n\n\n<li>Afirma que sabe y consiente la recepci\u00f3n del producto en el lugar que se haya indicado durante el proceso de compra en la tienda.<\/li>\n\n\n\n<li>Los datos que se han informado durante el proceso son correctos y es conocedor de la informaci\u00f3n determinada de los productos.<\/li>\n<\/ul>\n\n\n\n<h3 class=\"wp-block-heading\">4. MEDIOS DE ENV\u00cdO Y PRECIOS<\/h3>\n\n\n\n<p>Despu\u00e9s de realizar el proceso de compra a trav\u00e9s de la&nbsp;web, el pedido ser\u00e1 tratado y enviado por una empresa de transportes para su env\u00edo.<\/p>\n\n\n\n<p>Por lo tanto, para asegurar ese proceso,&nbsp;<strong>geishas.net<\/strong>&nbsp;trabaja con varias empresas de mensajer\u00eda que aseguran la discreci\u00f3n y confidencialidad de los paquetes tratados. Dependiendo de la empresa y del lugar de entrega las fechas de entrega pueden variar. La fecha estimada de entrega se enviar\u00e1 junto con el tracking del pedido una vez haya sido expedido, lo cual aparece especificado en el apartado de&nbsp;<a href=\"http:\/\/geishas.net\/is\/envios-y-devoluciones\/\">Env\u00edos<\/a>.<\/p>\n\n\n\n<p>Es el propio cliente quien debe suministrar sus datos de manera correcta, de forma que pueda hacerse la entrega de forma eficaz. En otro caso, si se ocasionaran gastos extras&nbsp; durante el proceso de entrega, estos deber\u00edan estar a cargo del cliente comprador.<\/p>\n\n\n\n<p>Se establece que la venta de productos multimedia s\u00f3lo se realizar\u00e1 a aquellas personas que hayan alcanzado la mayor\u00eda de edad legal requerida.<\/p>\n\n\n\n<p>El importe de venta de los productos que se expone en toda&nbsp;la web tiene IVA incluido a excepci\u00f3n de los casos en los que se especifica lo contrario de forma expresa.<\/p>\n\n\n\n<p>Los productos ofertados en el sitio web se enviar\u00e1n \u00fanicamente a la Uni\u00f3n Europea. No se realizar\u00e1n env\u00edos fuera de la zona de entrega mencionada. La informaci\u00f3n del coste de los gastos se puede consultar en el apartado&nbsp;<a href=\"http:\/\/geishas.net\/is\/envios-y-devoluciones\/\">Env\u00edo y Devoluciones<\/a>.<\/p>\n\n\n\n<p>Las&nbsp;<strong>facturas de compra<\/strong>&nbsp;se entregar\u00e1n al cliente en formato electr\u00f3nico (pdf) por defecto, ya que as\u00ed el procedimiento general de venta estar\u00e1 acorde a nuestra pol\u00edtica de discreci\u00f3n por la tipolog\u00eda de productos con los que trata la tienda, sin embargo el cliente tendr\u00e1 derecho a solicitar la factura en papel sin coste adicional si as\u00ed lo necesita y est\u00e1 podr\u00e1 ser a\u00f1adida junto con el paquete enviado.<\/p>\n\n\n\n<h3 class=\"wp-block-heading\">5. GARANT\u00cdA<\/h3>\n\n\n\n<p>Se admitir\u00e1 la devoluci\u00f3n y cambio de los art\u00edculos defectuosos de origen, siendo geishas.net qui\u00e9n se har\u00e1 cargo de los costes. Si adem\u00e1s es dentro de los primeros 14 d\u00edas naturales adem\u00e1s se cubrir\u00e1n los costes del retorno y reenv\u00edo al cliente. Esta garant\u00eda se establece por un periodo de 2 a\u00f1os desde la entrega. En esta se establece que en el caso de productos defectuosos se deber\u00e1 realizar una sustituci\u00f3n del mismo, una rebaja por el valor del producto o una resoluci\u00f3n de contrato que ser\u00e1 un servicio gratuito para el consumidor y usuario. El usuario dispondr\u00e1 de dos meses desde que se identifica que el producto est\u00e1 defectuoso hasta la gesti\u00f3n del cambio.<\/p>\n\n\n\n<h3 class=\"wp-block-heading\">6. COMPETENCIA JUDICIAL<\/h3>\n\n\n\n<p>Las partes se someten, a su elecci\u00f3n, para la resoluci\u00f3n de los conflictos y con renuncia a cualquier otro fuero, a los juzgados y tribunales del domicilio del usuario.<\/p>\n\n\n\n<p>Estas competencias aplicar\u00edan unicamente al dominio geishas.net y no otras posibles webs asociadas que puedan estar enlazadas de con la web principal.<\/p>\n\n\n\n<h3 class=\"wp-block-heading\">7. RESOLUCI\u00d3N DE LITIGIOS<\/h3>\n\n\n\n<p>Resoluci\u00f3n de litigios en l\u00ednea en materia de consumo conforme al Art. 14.1 del Reglamento (UE) 524\/2013: La Comisi\u00f3n Europea facilita una plataforma de resoluci\u00f3n de litigios en l\u00ednea que se encuentra disponible en el siguiente enlace:<\/p>\n\n\n\n<h3 class=\"wp-block-heading\">8. VIGOR DE ESTAS CONDIONES<\/h3>\n\n\n\n<p>geishas.net se reserva el derecho a modificaci\u00f3n y actualizaci\u00f3n de las presentes condiciones de car\u00e1cter inmediato sin necesidad de trasmitir un aviso previo ni tener que aportar unos plazos para la vigencia de los mismos<\/p>\n\n\n\n<p>La titularidad del presente sitio web corresponde a Avenida Juan Carlos I 16 Edificio Sim\u00f3n. Los Cristianos, Arona 38650. FASHION SHOW SPECTACULAR TENERIFE S.L.U. con CIF: B76625334<\/p>","protected":false},"excerpt":{"rendered":"<p>Condiciones de uso A continuaci\u00f3n se enumeran unas condiciones que deben ser suscritas por una parte, geishas.net, y por otra, el usuario. Se debe entender como usuario a cualquier persona f\u00edsica o jur\u00eddica que accede a la p\u00e1gina, al margen de que finalmente haga uso de los servicios que se ofrecen en ella. 1. OBJETIVO &#8230; <a title=\"Condiciones de uso\" class=\"read-more\" href=\"https:\/\/geishas.net\/is\/condiciones-de-uso\/\" aria-label=\"Read more about Condiciones de uso\">Read more<\/a><\/p>","protected":false},"author":3,"featured_media":0,"parent":0,"menu_order":0,"comment_status":"closed","ping_status":"closed","template":"","meta":{"inline_featured_image":false,"_uag_custom_page_level_css":"","footnotes":""},"class_list":["post-390807","page","type-page","status-publish"],"spectra_custom_meta":{"_edit_lock":["1768310932:59"],"_edit_last":["3"],"_generate-disable-headline":["true"],"rank_math_analytic_object_id":["12455"],"rank_math_seo_score":["15"],"_uag_css_file_name":["uag-css-390807.css"],"_uag_page_assets":["a:9:{s:3:\"css\";s:263:\".uag-blocks-common-selector{z-index:var(--z-index-desktop) !important}@media (max-width: 976px){.uag-blocks-common-selector{z-index:var(--z-index-tablet) !important}}@media (max-width: 767px){.uag-blocks-common-selector{z-index:var(--z-index-mobile) !important}}\n\";s:2:\"js\";s:0:\"\";s:18:\"current_block_list\";a:10:{i:0;s:12:\"core\/heading\";i:1;s:14:\"core\/paragraph\";i:2;s:9:\"core\/list\";i:3;s:14:\"core\/list-item\";i:4;s:11:\"core\/search\";i:5;s:10:\"core\/group\";i:6;s:17:\"core\/latest-posts\";i:7;s:20:\"core\/latest-comments\";i:8;s:13:\"core\/archives\";i:9;s:15:\"core\/categories\";}s:8:\"uag_flag\";b:0;s:11:\"uag_version\";s:10:\"1776464152\";s:6:\"gfonts\";a:0:{}s:10:\"gfonts_url\";s:0:\"\";s:12:\"gfonts_files\";a:0:{}s:14:\"uag_faq_layout\";b:0;}"]},"uagb_featured_image_src":{"full":false,"thumbnail":false,"medium":false,"medium_large":false,"large":false,"1536x1536":false,"2048x2048":false,"trp-custom-language-flag":false,"woocommerce_thumbnail":false,"woocommerce_single":false,"woocommerce_gallery_thumbnail":false,"dgwt-wcas-product-suggestion":false},"uagb_author_info":{"display_name":"Jose Manuel","author_link":"https:\/\/geishas.net\/is\/author\/geishas\/"},"uagb_comment_info":0,"uagb_excerpt":"Condiciones de uso A continuaci\u00f3n se enumeran unas condiciones que deben ser suscritas por una parte, geishas.net, y por otra, el usuario. Se debe entender como usuario a cualquier persona f\u00edsica o jur\u00eddica que accede a la p\u00e1gina, al margen de que finalmente haga uso de los servicios que se ofrecen en ella. 1. OBJETIVO&hellip;","_links":{"self":[{"href":"https:\/\/geishas.net\/is\/wp-json\/wp\/v2\/pages\/390807","targetHints":{"allow":["GET"]}}],"collection":[{"href":"https:\/\/geishas.net\/is\/wp-json\/wp\/v2\/pages"}],"about":[{"href":"https:\/\/geishas.net\/is\/wp-json\/wp\/v2\/types\/page"}],"author":[{"embeddable":true,"href":"https:\/\/geishas.net\/is\/wp-json\/wp\/v2\/users\/3"}],"replies":[{"embeddable":true,"href":"https:\/\/geishas.net\/is\/wp-json\/wp\/v2\/comments?post=390807"}],"version-history":[{"count":5,"href":"https:\/\/geishas.net\/is\/wp-json\/wp\/v2\/pages\/390807\/revisions"}],"predecessor-version":[{"id":452764,"href":"https:\/\/geishas.net\/is\/wp-json\/wp\/v2\/pages\/390807\/revisions\/452764"}],"wp:attachment":[{"href":"https:\/\/geishas.net\/is\/wp-json\/wp\/v2\/media?parent=390807"}],"curies":[{"name":"wp","href":"https:\/\/api.w.org\/{rel}","templated":true}]}}