{"id":390822,"date":"2024-02-20T08:46:32","date_gmt":"2024-02-20T07:46:32","guid":{"rendered":"https:\/\/geishas.theprocedural.com\/?page_id=390822"},"modified":"2024-02-20T08:58:16","modified_gmt":"2024-02-20T07:58:16","slug":"politica-de-discrecion","status":"publish","type":"page","link":"https:\/\/geishas.net\/ru\/politica-de-discrecion\/","title":{"rendered":"\u041f\u043e\u043b\u0438\u0442\u0438\u043a\u0430 \u043a\u043e\u043d\u0444\u0438\u0434\u0435\u043d\u0446\u0438\u0430\u043b\u044c\u043d\u043e\u0441\u0442\u0438"},"content":{"rendered":"<h1 class=\"wp-block-heading\">\u041f\u043e\u043b\u0438\u0442\u0438\u043a\u0430 \u043a\u043e\u043d\u0444\u0438\u0434\u0435\u043d\u0446\u0438\u0430\u043b\u044c\u043d\u043e\u0441\u0442\u0438<\/h1>\n\n\n\n<p>En geishas.net sabemos que&nbsp;<strong>para nuestros clientes&nbsp;la discreci\u00f3n&nbsp;es fundamental<\/strong>&nbsp;por el tipo de productos que distribuimos, por eso hacemos un esfuerzo especial consiguiendo que nuestros pedidos sean tramitados de una forma confidencial y segura, evitando que familiares, amigos o conocidos puedan percibir lo que se recibe. Entre las&nbsp;tiendas er\u00f3ticas&nbsp;somos un referente a seguir en temas de discreci\u00f3n.<\/p>\n\n\n\n<p>A continuaci\u00f3n se muestran los puntos que tenemos en cuenta para asegurar est\u00e1 pol\u00edtica de discreci\u00f3n haciendo que nuestros clientes se sientan confortables comprando en nuestra tienda:<\/p>\n\n\n\n<h3 class=\"wp-block-heading\">1. EMBALAJE DISCRETO SIN MARCAS DISTINTIVAS<\/h3>\n\n\n\n<p>Utilizamos cajas de cart\u00f3n duro totalmente selladas, envueltas en papel de embalar y sin ninguna informaci\u00f3n de lo que transporta. Cualquier persona que pueda ver el paquete no podr\u00e1 identificar el contenido que hay en su interior.&nbsp;<strong>Ni logos, ni nombres, ni im\u00e1genes<\/strong>&nbsp;que puedan dar ninguna idea.<\/p>\n\n\n\n<p>Siempre tratamos con paquetes est\u00e1ndar de forma cuadrada para que ni el tama\u00f1o ni la forma puedan dar ninguna informaci\u00f3n adicional.<\/p>\n\n\n\n<h3 class=\"wp-block-heading\">2. REMITENTE CONFIDENCIAL<\/h3>\n\n\n\n<p>El nombre del remitente que aparece en el env\u00edo no coincide con el nombre comercial de la web, sino con el nombre fiscal que no hace referencia a ning\u00fan contenido sexual. Ser\u00e1 imposible saber a partir del nombre del remitente qu\u00e9 hay en el interior del paquete. C\u00f3mo remitente ponemos \u00abOperador log\u00edstico\u00bb o \u00abPC Inform\u00e1tica\u00bb.<\/p>\n\n\n\n<h3 class=\"wp-block-heading\">3. DATOS PERSONALES SEGUROS<\/h3>\n\n\n\n<p>Todos los datos que usted nos ha facilitado a trav\u00e9s de los formularios de la&nbsp;tienda online&nbsp;no ser\u00e1n transferidos&nbsp;ni vendidos a terceros y aseguramos la total confidencialidad de los mismos.<\/p>\n\n\n\n<p>El cliente tiene la opci\u00f3n de darse de baja de nuestra base de datos indic\u00e1ndonos su n\u00famero de cliente y su petici\u00f3n de baja. Sus datos personales ser\u00e1n borrados&nbsp;<strong>inmediatamente<\/strong>&nbsp;de nuestro sistema. Todos los usuarios pueden hacer uso de su derecho de modificaci\u00f3n o borrado de los mismos transmiti\u00e9ndolo a trav\u00e9s de una comunicaci\u00f3n de geishas.net quedando siempre constancia de la misma. Para ello pueden dirigirse al mail info@geishas.net, o a la direcci\u00f3n postal Avenida Juan Carlos I 16 Edificio Sim\u00f3n.&nbsp;Los Cristianos, Arona 38650.<\/p>\n\n\n\n<p>Esta web utiliza una tecnolog\u00eda denominada \u00ab<strong>cookies<\/strong>\u00bb, y la utilizamos para recopilar informaci\u00f3n de las visitas y poder utilizarla para mejorar nuestro servicio, as\u00ed como para ofrecer distintos servicios en redes sociales. Para conocer mejor los detalles de c\u00f3mo usamos esta tecnolog\u00eda puede consultar nuestra\u00a0pol\u00edtica de uso de cookies.<\/p>\n\n\n\n<h3 class=\"wp-block-heading\">4. ENV\u00cdOS TRAMITADOS DISCRETAMENTE<\/h3>\n\n\n\n<p><strong>El servicio de mensajer\u00eda desconoce lo que transporta<\/strong>, ya que no lleva ninguna identificaci\u00f3n de lo que contiene y simplemente es un paquete m\u00e1s de los que entregan a diario. Las casas de reparto con las que venimos trabajando son&nbsp;<strong>Nacex<\/strong>,&nbsp;<strong>Sehur<\/strong>,&nbsp;<strong>DHL<\/strong>&nbsp;y&nbsp;<strong>Correos<\/strong>, que tratan la mercanc\u00eda de una manera profesional y privada, sin intenci\u00f3n de saber o, querer saber, qu\u00e9 es lo que est\u00e1n transportando.<\/p>\n\n\n\n<h3 class=\"wp-block-heading\">5. INFORMACI\u00d3N PRIVADA EN CUENTA BANCARIA<\/h3>\n\n\n\n<p>En el extracto de su cuenta bancaria, si lo ha realizado por tarjeta, no aportan ninguna informaci\u00f3n de la compra a la que hace referencia. En los movimientos de su banco solo pondr\u00e1 \u00abCOMPRA WEB\u00bb.<\/p>\n\n\n\n<p>Se debe tener en cuenta que en el caso que el pedido se haga a trav\u00e9s de&nbsp;<strong>Paypal<\/strong>, este medio de pago si nos exige que aparezca la descripci\u00f3n de los productos adquiridos, en los movimientos de la aplicaci\u00f3n de Paypal (ojo, solo en la aplicaci\u00f3n, pero no en la cuenta bancaria). Es un tema legislativo que no podemos evitar.<\/p>","protected":false},"excerpt":{"rendered":"<p>Pol\u00edtica de discreci\u00f3n En geishas.net sabemos que&nbsp;para nuestros clientes&nbsp;la discreci\u00f3n&nbsp;es fundamental&nbsp;por el tipo de productos que distribuimos, por eso hacemos un esfuerzo especial consiguiendo que nuestros pedidos sean tramitados de una forma confidencial y segura, evitando que familiares, amigos o conocidos puedan percibir lo que se recibe. Entre las&nbsp;tiendas er\u00f3ticas&nbsp;somos un referente a seguir en &#8230; <a title=\"\u041f\u043e\u043b\u0438\u0442\u0438\u043a\u0430 \u043a\u043e\u043d\u0444\u0438\u0434\u0435\u043d\u0446\u0438\u0430\u043b\u044c\u043d\u043e\u0441\u0442\u0438\" class=\"read-more\" href=\"https:\/\/geishas.net\/ru\/politica-de-discrecion\/\" aria-label=\"\u041f\u0440\u043e\u0447\u0438\u0442\u0430\u0442\u044c \u0431\u043e\u043b\u044c\u0448\u0435 \u043e Pol\u00edtica de discreci\u00f3n\">\u0427\u0438\u0442\u0430\u0442\u044c \u0434\u0430\u043b\u0435\u0435<\/a><\/p>","protected":false},"author":3,"featured_media":0,"parent":0,"menu_order":0,"comment_status":"closed","ping_status":"closed","template":"","meta":{"inline_featured_image":false,"_uag_custom_page_level_css":"","footnotes":""},"class_list":["post-390822","page","type-page","status-publish"],"spectra_custom_meta":{"_edit_lock":["1708415897:2"],"_edit_last":["2"],"_generate-disable-headline":["true"],"rank_math_analytic_object_id":["12453"],"_uag_css_file_name":["uag-css-390822.css"],"_uag_page_assets":["a:9:{s:3:\"css\";s:263:\".uag-blocks-common-selector{z-index:var(--z-index-desktop) !important}@media (max-width: 976px){.uag-blocks-common-selector{z-index:var(--z-index-tablet) !important}}@media (max-width: 767px){.uag-blocks-common-selector{z-index:var(--z-index-mobile) !important}}\n\";s:2:\"js\";s:0:\"\";s:18:\"current_block_list\";a:8:{i:0;s:12:\"core\/heading\";i:1;s:14:\"core\/paragraph\";i:2;s:11:\"core\/search\";i:3;s:10:\"core\/group\";i:4;s:17:\"core\/latest-posts\";i:5;s:20:\"core\/latest-comments\";i:6;s:13:\"core\/archives\";i:7;s:15:\"core\/categories\";}s:8:\"uag_flag\";b:0;s:11:\"uag_version\";s:10:\"1776464152\";s:6:\"gfonts\";a:0:{}s:10:\"gfonts_url\";s:0:\"\";s:12:\"gfonts_files\";a:0:{}s:14:\"uag_faq_layout\";b:0;}"]},"uagb_featured_image_src":{"full":false,"thumbnail":false,"medium":false,"medium_large":false,"large":false,"1536x1536":false,"2048x2048":false,"trp-custom-language-flag":false,"woocommerce_thumbnail":false,"woocommerce_single":false,"woocommerce_gallery_thumbnail":false,"dgwt-wcas-product-suggestion":false},"uagb_author_info":{"display_name":"Jose Manuel","author_link":"https:\/\/geishas.net\/ru\/author\/geishas\/"},"uagb_comment_info":0,"uagb_excerpt":"Pol\u00edtica de discreci\u00f3n En geishas.net sabemos que&nbsp;para nuestros clientes&nbsp;la discreci\u00f3n&nbsp;es fundamental&nbsp;por el tipo de productos que distribuimos, por eso hacemos un esfuerzo especial consiguiendo que nuestros pedidos sean tramitados de una forma confidencial y segura, evitando que familiares, amigos o conocidos puedan percibir lo que se recibe. Entre las&nbsp;tiendas er\u00f3ticas&nbsp;somos un referente a seguir en&hellip;","_links":{"self":[{"href":"https:\/\/geishas.net\/ru\/wp-json\/wp\/v2\/pages\/390822","targetHints":{"allow":["GET"]}}],"collection":[{"href":"https:\/\/geishas.net\/ru\/wp-json\/wp\/v2\/pages"}],"about":[{"href":"https:\/\/geishas.net\/ru\/wp-json\/wp\/v2\/types\/page"}],"author":[{"embeddable":true,"href":"https:\/\/geishas.net\/ru\/wp-json\/wp\/v2\/users\/3"}],"replies":[{"embeddable":true,"href":"https:\/\/geishas.net\/ru\/wp-json\/wp\/v2\/comments?post=390822"}],"version-history":[{"count":2,"href":"https:\/\/geishas.net\/ru\/wp-json\/wp\/v2\/pages\/390822\/revisions"}],"predecessor-version":[{"id":390839,"href":"https:\/\/geishas.net\/ru\/wp-json\/wp\/v2\/pages\/390822\/revisions\/390839"}],"wp:attachment":[{"href":"https:\/\/geishas.net\/ru\/wp-json\/wp\/v2\/media?parent=390822"}],"curies":[{"name":"wp","href":"https:\/\/api.w.org\/{rel}","templated":true}]}}