{"id":390827,"date":"2024-02-20T08:47:52","date_gmt":"2024-02-20T07:47:52","guid":{"rendered":"https:\/\/geishas.theprocedural.com\/?page_id=390827"},"modified":"2025-07-11T19:37:55","modified_gmt":"2025-07-11T17:37:55","slug":"tarifas-de-envio","status":"publish","type":"page","link":"https:\/\/geishas.net\/ru\/tarifas-de-envio\/","title":{"rendered":"Tarifas de env\u00edo"},"content":{"rendered":"<h1 class=\"wp-block-heading\">Tarifas de env\u00edo<\/h1>\n\n\n\n<p>GRATIS a partir de 65\u20ac s\u00f3lo en Espa\u00f1a. (Excepto Ceuta y Melilla).<\/p>\n\n\n\n<p>Los tiempos de entrega suelen variar dependiendo de la log\u00edstica.<\/p>\n\n\n\n<h5 class=\"wp-block-heading\">Pen\u00ednsula (Espa\u00f1a)<\/h5>\n\n\n\n<figure class=\"wp-block-table\"><table><tbody><tr><td><strong>Env\u00edos pen\u00ednsula<\/strong><\/td><td>24 \/ 48 horas (seg\u00fan log\u00edstica)<\/td><td>3,99 \u20ac<\/td><\/tr><\/tbody><\/table><\/figure>\n\n\n\n<h5 class=\"wp-block-heading\">Islas, Ceuta y Melilla (Espa\u00f1a)<\/h5>\n\n\n\n<figure class=\"wp-block-table\"><table><tbody><tr><td><strong>Islas Baleares, Ceuta y Melilla<\/strong><\/td><td>7 \u2013 14 d\u00edas (seg\u00fan log\u00edstica)<\/td><td>14.95 \u20ac<\/td><\/tr><tr><td><strong>Islas Canarias<\/strong><\/td><td>7 \u2013 14 d\u00edas (seg\u00fan log\u00edstica)<\/td><td>9,95 \u20ac<\/td><\/tr><tr><td><strong>Recogida local (S\u00f3lo Tenerife)<\/strong><\/td><td>7 \u2013 14 d\u00edas (seg\u00fan log\u00edstica)<\/td><td>9,95 \u20ac<\/td><\/tr><\/tbody><\/table><\/figure>\n\n\n\n<h5 class=\"wp-block-heading\">Europa<\/h5>\n\n\n\n<figure class=\"wp-block-table\"><table><tbody><tr><td><strong>Toda Europa (Hasta 2 Kg)<\/strong><\/td><td>14 a 21 d\u00edas (seg\u00fan log\u00edstica)<\/td><td>46,00 \u20ac<\/td><\/tr><\/tbody><\/table><\/figure>\n\n\n\n<h5 class=\"wp-block-heading\">Am\u00e9rica<\/h5>\n\n\n\n<figure class=\"wp-block-table\"><table><tbody><tr><td><strong>Toda Am\u00e9rica (Hasta 2 Kg)<\/strong><\/td><td>14 a 21 d\u00edas (seg\u00fan log\u00edstica)<\/td><td>47,00 \u20ac<\/td><\/tr><\/tbody><\/table><\/figure>\n\n\n\n<h5 class=\"wp-block-heading\">\u00c1frica<\/h5>\n\n\n\n<figure class=\"wp-block-table\"><table><tbody><tr><td><strong>Toda \u00c1frica (Hasta 2 Kg)<\/strong><\/td><td>14 a 21 d\u00edas (seg\u00fan log\u00edstica)<\/td><td>55,00 \u20ac<\/td><\/tr><\/tbody><\/table><\/figure>\n\n\n\n<h5 class=\"wp-block-heading\">Asia y Ocean\u00eda<\/h5>\n\n\n\n<figure class=\"wp-block-table\"><table><tbody><tr><td><strong>Toda Asia y Ocean\u00eda (Hasta 2 Kg)<\/strong><\/td><td>14 a 21 d\u00edas (seg\u00fan log\u00edstica)<\/td><td>60,00 \u20ac<\/td><\/tr><\/tbody><\/table><\/figure>","protected":false},"excerpt":{"rendered":"<p>Tarifas de env\u00edo GRATIS a partir de 65\u20ac s\u00f3lo en Espa\u00f1a. (Excepto Ceuta y Melilla). Los tiempos de entrega suelen variar dependiendo de la log\u00edstica. Pen\u00ednsula (Espa\u00f1a) Env\u00edos pen\u00ednsula 24 \/ 48 horas (seg\u00fan log\u00edstica) 3,99 \u20ac Islas, Ceuta y Melilla (Espa\u00f1a) Islas Baleares, Ceuta y Melilla 7 \u2013 14 d\u00edas (seg\u00fan log\u00edstica) 14.95 \u20ac &#8230; <a title=\"Tarifas de env\u00edo\" class=\"read-more\" href=\"https:\/\/geishas.net\/ru\/tarifas-de-envio\/\" aria-label=\"\u041f\u0440\u043e\u0447\u0438\u0442\u0430\u0442\u044c \u0431\u043e\u043b\u044c\u0448\u0435 \u043e Tarifas de env\u00edo\">\u0427\u0438\u0442\u0430\u0442\u044c \u0434\u0430\u043b\u0435\u0435<\/a><\/p>","protected":false},"author":3,"featured_media":0,"parent":0,"menu_order":0,"comment_status":"closed","ping_status":"closed","template":"","meta":{"inline_featured_image":false,"_uag_custom_page_level_css":"","footnotes":""},"class_list":["post-390827","page","type-page","status-publish"],"spectra_custom_meta":{"_edit_lock":["1752256043:3"],"_edit_last":["3"],"_generate-disable-headline":["true"],"rank_math_analytic_object_id":["12452"],"rank_math_seo_score":["8"],"inline_featured_image":[""],"_uag_custom_page_level_css":[""],"footnotes":[""],"_uag_css_file_name":["uag-css-390827.css"],"_uag_page_assets":["a:9:{s:3:\"css\";s:263:\".uag-blocks-common-selector{z-index:var(--z-index-desktop) !important}@media (max-width: 976px){.uag-blocks-common-selector{z-index:var(--z-index-tablet) !important}}@media (max-width: 767px){.uag-blocks-common-selector{z-index:var(--z-index-mobile) !important}}\n\";s:2:\"js\";s:0:\"\";s:18:\"current_block_list\";a:9:{i:0;s:12:\"core\/heading\";i:1;s:14:\"core\/paragraph\";i:2;s:10:\"core\/table\";i:3;s:11:\"core\/search\";i:4;s:10:\"core\/group\";i:5;s:17:\"core\/latest-posts\";i:6;s:20:\"core\/latest-comments\";i:7;s:13:\"core\/archives\";i:8;s:15:\"core\/categories\";}s:8:\"uag_flag\";b:0;s:11:\"uag_version\";s:10:\"1776464152\";s:6:\"gfonts\";a:0:{}s:10:\"gfonts_url\";s:0:\"\";s:12:\"gfonts_files\";a:0:{}s:14:\"uag_faq_layout\";b:0;}"]},"uagb_featured_image_src":{"full":false,"thumbnail":false,"medium":false,"medium_large":false,"large":false,"1536x1536":false,"2048x2048":false,"trp-custom-language-flag":false,"woocommerce_thumbnail":false,"woocommerce_single":false,"woocommerce_gallery_thumbnail":false,"dgwt-wcas-product-suggestion":false},"uagb_author_info":{"display_name":"Jose Manuel","author_link":"https:\/\/geishas.net\/ru\/author\/geishas\/"},"uagb_comment_info":0,"uagb_excerpt":"Tarifas de env\u00edo GRATIS a partir de 65\u20ac s\u00f3lo en Espa\u00f1a. (Excepto Ceuta y Melilla). Los tiempos de entrega suelen variar dependiendo de la log\u00edstica. Pen\u00ednsula (Espa\u00f1a) Env\u00edos pen\u00ednsula 24 \/ 48 horas (seg\u00fan log\u00edstica) 3,99 \u20ac Islas, Ceuta y Melilla (Espa\u00f1a) Islas Baleares, Ceuta y Melilla 7 \u2013 14 d\u00edas (seg\u00fan log\u00edstica) 14.95 \u20ac&hellip;","_links":{"self":[{"href":"https:\/\/geishas.net\/ru\/wp-json\/wp\/v2\/pages\/390827","targetHints":{"allow":["GET"]}}],"collection":[{"href":"https:\/\/geishas.net\/ru\/wp-json\/wp\/v2\/pages"}],"about":[{"href":"https:\/\/geishas.net\/ru\/wp-json\/wp\/v2\/types\/page"}],"author":[{"embeddable":true,"href":"https:\/\/geishas.net\/ru\/wp-json\/wp\/v2\/users\/3"}],"replies":[{"embeddable":true,"href":"https:\/\/geishas.net\/ru\/wp-json\/wp\/v2\/comments?post=390827"}],"version-history":[{"count":5,"href":"https:\/\/geishas.net\/ru\/wp-json\/wp\/v2\/pages\/390827\/revisions"}],"predecessor-version":[{"id":454348,"href":"https:\/\/geishas.net\/ru\/wp-json\/wp\/v2\/pages\/390827\/revisions\/454348"}],"wp:attachment":[{"href":"https:\/\/geishas.net\/ru\/wp-json\/wp\/v2\/media?parent=390827"}],"curies":[{"name":"wp","href":"https:\/\/api.w.org\/{rel}","templated":true}]}}