{"id":390830,"date":"2024-02-20T08:51:09","date_gmt":"2024-02-20T07:51:09","guid":{"rendered":"https:\/\/geishas.theprocedural.com\/?page_id=390830"},"modified":"2024-02-20T08:51:09","modified_gmt":"2024-02-20T07:51:09","slug":"pago-seguro","status":"publish","type":"page","link":"https:\/\/geishas.net\/sv\/pago-seguro\/","title":{"rendered":"S\u00e4ker betalning"},"content":{"rendered":"<h1 class=\"wp-block-heading\">Pago Seguro<\/h1>\n\n\n\n<p><strong>M\u00e9todos de Pago<\/strong><\/p>\n\n\n\n<p>Geishas presta una atenci\u00f3n especial en el paso final de la compra, los pagos.<\/p>\n\n\n\n<p>Queremos que puedas realizar tu compra de la manera m\u00e1s f\u00e1cil y segura, ya que debido al crecimiento de los comercios electr\u00f3nicos es esencial poder&nbsp; elegir una soluci\u00f3n de pago optimizada para Smartphone y Tablets. Es igualmente importante elegir la soluci\u00f3n que ofrece una selecci\u00f3n espec\u00edfica de tarjetas de cr\u00e9dito que son m\u00e1s populares en los mercados objetivo de los comerciantes.<\/p>\n\n\n\n<p>Los m\u00e9todos de pago son los siguientes:<\/p>\n\n\n\n<p><strong>Tarjeta de cr\u00e9dito:<\/strong><\/p>\n\n\n\n<p>Puede realizar sus compras con cualquier tarjeta de cr\u00e9dito Visa y MasterCard, de modo totalmente seguro, sencillo y r\u00e1pido con la pasarela de pago RedSys tan solo introduciendo los datos de su tarjeta.<\/p>\n\n\n\n<p><strong>PayPal:&nbsp;<\/strong><\/p>\n\n\n\n<p>Tambi\u00e9n puede hacer sus pagos con la plataforma online PayPal, una de las m\u00e1s populares y utilizadas del mundo.&nbsp;Una forma muy segura y c\u00f3moda&nbsp;de realizar sus compras<\/p>","protected":false},"excerpt":{"rendered":"<p>Pago Seguro M\u00e9todos de Pago Geishas presta una atenci\u00f3n especial en el paso final de la compra, los pagos. Queremos que puedas realizar tu compra de la manera m\u00e1s f\u00e1cil y segura, ya que debido al crecimiento de los comercios electr\u00f3nicos es esencial poder&nbsp; elegir una soluci\u00f3n de pago optimizada para Smartphone y Tablets. Es &#8230; <a title=\"S\u00e4ker betalning\" class=\"read-more\" href=\"https:\/\/geishas.net\/sv\/pago-seguro\/\" aria-label=\"L\u00e4s mer om Pago seguro\">L\u00e4s mer<\/a><\/p>","protected":false},"author":3,"featured_media":0,"parent":0,"menu_order":0,"comment_status":"closed","ping_status":"closed","template":"","meta":{"inline_featured_image":false,"_uag_custom_page_level_css":"","footnotes":""},"class_list":["post-390830","page","type-page","status-publish"],"spectra_custom_meta":{"_edit_lock":["1708415933:2"],"_edit_last":["2"],"_generate-disable-headline":["true"],"rank_math_analytic_object_id":["12451"],"_uag_css_file_name":["uag-css-390830.css"],"_uag_page_assets":["a:9:{s:3:\"css\";s:263:\".uag-blocks-common-selector{z-index:var(--z-index-desktop) !important}@media (max-width: 976px){.uag-blocks-common-selector{z-index:var(--z-index-tablet) !important}}@media (max-width: 767px){.uag-blocks-common-selector{z-index:var(--z-index-mobile) !important}}\n\";s:2:\"js\";s:0:\"\";s:18:\"current_block_list\";a:8:{i:0;s:12:\"core\/heading\";i:1;s:14:\"core\/paragraph\";i:2;s:11:\"core\/search\";i:3;s:10:\"core\/group\";i:4;s:17:\"core\/latest-posts\";i:5;s:20:\"core\/latest-comments\";i:6;s:13:\"core\/archives\";i:7;s:15:\"core\/categories\";}s:8:\"uag_flag\";b:0;s:11:\"uag_version\";s:10:\"1776464152\";s:6:\"gfonts\";a:0:{}s:10:\"gfonts_url\";s:0:\"\";s:12:\"gfonts_files\";a:0:{}s:14:\"uag_faq_layout\";b:0;}"]},"uagb_featured_image_src":{"full":false,"thumbnail":false,"medium":false,"medium_large":false,"large":false,"1536x1536":false,"2048x2048":false,"trp-custom-language-flag":false,"woocommerce_thumbnail":false,"woocommerce_single":false,"woocommerce_gallery_thumbnail":false,"dgwt-wcas-product-suggestion":false},"uagb_author_info":{"display_name":"Jose Manuel","author_link":"https:\/\/geishas.net\/sv\/author\/geishas\/"},"uagb_comment_info":0,"uagb_excerpt":"Pago Seguro M\u00e9todos de Pago Geishas presta una atenci\u00f3n especial en el paso final de la compra, los pagos. Queremos que puedas realizar tu compra de la manera m\u00e1s f\u00e1cil y segura, ya que debido al crecimiento de los comercios electr\u00f3nicos es esencial poder&nbsp; elegir una soluci\u00f3n de pago optimizada para Smartphone y Tablets. Es&hellip;","_links":{"self":[{"href":"https:\/\/geishas.net\/sv\/wp-json\/wp\/v2\/pages\/390830","targetHints":{"allow":["GET"]}}],"collection":[{"href":"https:\/\/geishas.net\/sv\/wp-json\/wp\/v2\/pages"}],"about":[{"href":"https:\/\/geishas.net\/sv\/wp-json\/wp\/v2\/types\/page"}],"author":[{"embeddable":true,"href":"https:\/\/geishas.net\/sv\/wp-json\/wp\/v2\/users\/3"}],"replies":[{"embeddable":true,"href":"https:\/\/geishas.net\/sv\/wp-json\/wp\/v2\/comments?post=390830"}],"version-history":[{"count":1,"href":"https:\/\/geishas.net\/sv\/wp-json\/wp\/v2\/pages\/390830\/revisions"}],"predecessor-version":[{"id":390831,"href":"https:\/\/geishas.net\/sv\/wp-json\/wp\/v2\/pages\/390830\/revisions\/390831"}],"wp:attachment":[{"href":"https:\/\/geishas.net\/sv\/wp-json\/wp\/v2\/media?parent=390830"}],"curies":[{"name":"wp","href":"https:\/\/api.w.org\/{rel}","templated":true}]}}